{"id":541,"date":"2024-07-03T10:08:01","date_gmt":"2024-07-03T10:08:01","guid":{"rendered":"https:\/\/bkmotorsport.com.br\/about\/"},"modified":"2024-07-15T16:41:34","modified_gmt":"2024-07-15T19:41:34","slug":"quem-somos","status":"publish","type":"page","link":"https:\/\/www.bkmotorsport.com.br\/es\/quienes-somos\/","title":{"rendered":"Quienes Somos"},"content":{"rendered":"<div data-elementor-type=\"wp-post\" data-elementor-id=\"541\" class=\"elementor elementor-541\">\n\t\t\t\t<div class=\"elementor-element elementor-element-c9ef0ce e-flex e-con-boxed e-con e-parent\" data-id=\"c9ef0ce\" data-element_type=\"container\" data-e-type=\"container\" data-settings=\"{&quot;background_background&quot;:&quot;classic&quot;}\">\n\t\t\t\t\t<div class=\"e-con-inner\">\n\t\t<div class=\"elementor-element elementor-element-ef5569a e-con-full e-flex e-con e-child\" data-id=\"ef5569a\" data-element_type=\"container\" data-e-type=\"container\">\n\t\t\t\t<div class=\"elementor-element elementor-element-12b2866 elementor-widget elementor-widget-heading\" data-id=\"12b2866\" data-element_type=\"widget\" data-e-type=\"widget\" data-widget_type=\"heading.default\">\n\t\t\t\t<div class=\"elementor-widget-container\">\n\t\t\t\t\t<h1 class=\"elementor-heading-title elementor-size-default\">Quienes Somos<\/h1>\t\t\t\t<\/div>\n\t\t\t\t<\/div>\n\t\t\t\t<\/div>\n\t\t\t\t\t<\/div>\n\t\t\t\t<\/div>\n\t\t<div class=\"elementor-element elementor-element-9640446 e-flex e-con-boxed e-con e-parent\" data-id=\"9640446\" data-element_type=\"container\" data-e-type=\"container\">\n\t\t\t\t\t<div class=\"e-con-inner\">\n\t\t<div class=\"elementor-element elementor-element-3d6694c e-con-full e-flex e-con e-child\" data-id=\"3d6694c\" data-element_type=\"container\" data-e-type=\"container\">\n\t\t\t\t<div class=\"elementor-element elementor-element-9f8bdb3 elementor-widget-tablet__width-initial elementor-widget elementor-widget-text-editor\" data-id=\"9f8bdb3\" data-element_type=\"widget\" data-e-type=\"widget\" data-widget_type=\"text-editor.default\">\n\t\t\t\t<div class=\"elementor-widget-container\">\n\t\t\t\t\t\t\t\t\t<p>La marca MoTeC aporta mucho m\u00e1s que solo excelencia en ingenier\u00eda y tecnolog\u00eda: brinda a los consumidores confianza en el rendimiento y los servicios a largo plazo.<\/p><p><strong> Competitividad probada desde hace m\u00e1s de 20 a\u00f1os <\/strong><\/p><p>Hace m\u00e1s de 20 a\u00f1os, MoTeC se involucr\u00f3 en la fuerza l\u00edder de la electr\u00f3nica automotriz en el mercado de repuestos, atrayendo el apoyo de varios de los mejores equipos de carreras y rallyes. A lo largo de los a\u00f1os, MoTeC se ha ganado una reputaci\u00f3n de excelente confiabilidad, tecnolog\u00eda avanzada y productos de alto rendimiento que superan las expectativas. Tanto crecimiento ha tra\u00eddo consigo una gama diversa de consumidores y una amplia gama de veh\u00edculos, fomentando la expansi\u00f3n constante de los productos MoTeC. capacidades. \u200b<\/p><p><strong>Soporte<\/strong><\/p><p>Comprender la asistencia t\u00e9cnica es un componente esencial de sus inversiones electr\u00f3nicas. Cada instalaci\u00f3n es \u00fanica y el sistema MoTeC es sofisticado, y de vez en cuando los consumidores ven que es necesario soporte profesional para lograr su mejor desempe\u00f1o. MoTeC se enorgullece de brindarle un excelente soporte, ya sea en persona, por tel\u00e9fono o por correo electr\u00f3nico, para que regrese a las pistas lo m\u00e1s r\u00e1pido posible. \u200b<\/p><p><strong>Capacitaci\u00f3n<\/strong><\/p><p>No se pueden subestimar los beneficios de la formaci\u00f3n sobre productos. Aprender de primera mano con MoTec personal es la manera ideal de entender su sistema y saber c\u00f3mo sacarle el m\u00e1ximo provecho. Las clases estructuradas reducen el costo y el tiempo de prueba y error en el aprendizaje y pueden mostrarle algunos atributos \u00fatiles que no conoc\u00eda.\u00a0<\/p><p><strong>Centro de Investigaci\u00f3n<\/strong><\/p><p>El centro de investigaci\u00f3n MoTeC. ubicado en Melbourne. Australia, se dedica al desarrollo de nuevas tecnolog\u00edas y al ajuste continuo de los sistemas existentes. Con personal especializado y valiosos aportes de equipos de carreras profesionales de todo el mundo, este centro de investigaci\u00f3n est\u00e1 equipado para desarrollar nuevas generaciones de soluciones electr\u00f3nicas para el futuro. \u200b<\/p><p><strong> Pruebas y est\u00e1ndares de fabricaci\u00f3n.<\/strong><\/p><p>Los productos MoTeC se crean y fabrican para ser reconocidos mundialmente por su calidad y confiabilidad. Todos nuestros productos cumplen con el est\u00e1ndar de compatibilidad electromagn\u00e9tica \u2013 EMC \u2013 requerido en varios pa\u00edses del mundo. 2 a\u00f1os de garant\u00eda MoTeC se enorgullece de su calidad de fabricaci\u00f3n y su alta fiabilidad. Se hace todo lo posible para garantizar cada producto, permitiendo que los productos cumplan con los m\u00e1s altos est\u00e1ndares. Para respaldar este compromiso, MoTeC ofrece una garant\u00eda de 2 a\u00f1os en cualquier producto fabricado por MoTeC.<\/p>\t\t\t\t\t\t\t\t<\/div>\n\t\t\t\t<\/div>\n\t\t\t\t<\/div>\n\t\t\t\t\t<\/div>\n\t\t\t\t<\/div>\n\t\t<div class=\"elementor-element elementor-element-ce23579 e-flex e-con-boxed e-con e-parent\" data-id=\"ce23579\" data-element_type=\"container\" data-e-type=\"container\">\n\t\t\t\t\t<div class=\"e-con-inner\">\n\t\t<div class=\"elementor-element elementor-element-89a7aec e-con-full e-flex e-con e-child\" data-id=\"89a7aec\" data-element_type=\"container\" data-e-type=\"container\">\n\t\t\t\t<div class=\"elementor-element elementor-element-a01f0dc elementor-widget elementor-widget-heading\" data-id=\"a01f0dc\" data-element_type=\"widget\" data-e-type=\"widget\" data-widget_type=\"heading.default\">\n\t\t\t\t<div class=\"elementor-widget-container\">\n\t\t\t\t\t<h2 class=\"elementor-heading-title elementor-size-default\">Nuestra Misi\u00f3n<\/h2>\t\t\t\t<\/div>\n\t\t\t\t<\/div>\n\t\t\t\t<div class=\"elementor-element elementor-element-c43b3dd elementor-widget-divider--view-line elementor-widget elementor-widget-divider\" data-id=\"c43b3dd\" data-element_type=\"widget\" data-e-type=\"widget\" data-widget_type=\"divider.default\">\n\t\t\t\t<div class=\"elementor-widget-container\">\n\t\t\t\t\t\t\t<div class=\"elementor-divider\">\n\t\t\t<span class=\"elementor-divider-separator\">\n\t\t\t\t\t\t<\/span>\n\t\t<\/div>\n\t\t\t\t\t\t<\/div>\n\t\t\t\t<\/div>\n\t\t\t\t<div class=\"elementor-element elementor-element-0244f25 elementor-widget__width-initial elementor-widget elementor-widget-text-editor\" data-id=\"0244f25\" data-element_type=\"widget\" data-e-type=\"widget\" data-widget_type=\"text-editor.default\">\n\t\t\t\t<div class=\"elementor-widget-container\">\n\t\t\t\t\t\t\t\t\t<p>Nuestra misi\u00f3n en BK Motorsport es brindar soporte especializado de alta calidad para la marca MoTeC en Am\u00e9rica Latina, asegurando la excelencia en ingenier\u00eda y tecnolog\u00eda. Estamos dedicados a brindar soluciones que brinden confianza a largo plazo, optimizando el rendimiento del veh\u00edculo y ofreciendo servicios de vanguardia a nuestros consumidores.<\/p>\t\t\t\t\t\t\t\t<\/div>\n\t\t\t\t<\/div>\n\t\t\t\t<\/div>\n\t\t<div class=\"elementor-element elementor-element-e8e4600 e-con-full e-flex e-con e-child\" data-id=\"e8e4600\" data-element_type=\"container\" data-e-type=\"container\">\n\t\t\t\t<div class=\"elementor-element elementor-element-6060d91 elementor-hidden-mobile elementor-widget elementor-widget-image\" data-id=\"6060d91\" data-element_type=\"widget\" data-e-type=\"widget\" data-widget_type=\"image.default\">\n\t\t\t\t<div class=\"elementor-widget-container\">\n\t\t\t\t\t\t\t\t\t\t\t\t\t\t\t<img fetchpriority=\"high\" decoding=\"async\" width=\"1344\" height=\"697\" src=\"https:\/\/www.bkmotorsport.com.br\/wp-content\/uploads\/2024\/07\/bk-motorsport-motec-brazil-img4.jpg\" class=\"attachment-full size-full wp-image-1408\" alt=\"BK Motorsport y MoTeC\" srcset=\"https:\/\/www.bkmotorsport.com.br\/wp-content\/uploads\/2024\/07\/bk-motorsport-motec-brazil-img4.jpg 1344w, https:\/\/www.bkmotorsport.com.br\/wp-content\/uploads\/2024\/07\/bk-motorsport-motec-brazil-img4-300x156.jpg 300w, https:\/\/www.bkmotorsport.com.br\/wp-content\/uploads\/2024\/07\/bk-motorsport-motec-brazil-img4-1024x531.jpg 1024w, https:\/\/www.bkmotorsport.com.br\/wp-content\/uploads\/2024\/07\/bk-motorsport-motec-brazil-img4-768x398.jpg 768w, https:\/\/www.bkmotorsport.com.br\/wp-content\/uploads\/2024\/07\/bk-motorsport-motec-brazil-img4-18x9.jpg 18w\" sizes=\"(max-width: 1344px) 100vw, 1344px\" \/>\t\t\t\t\t\t\t\t\t\t\t\t\t\t\t<\/div>\n\t\t\t\t<\/div>\n\t\t\t\t<\/div>\n\t\t\t\t\t<\/div>\n\t\t\t\t<\/div>\n\t\t<div class=\"elementor-element elementor-element-8195a0d e-flex e-con-boxed e-con e-parent\" data-id=\"8195a0d\" data-element_type=\"container\" data-e-type=\"container\">\n\t\t\t\t\t<div class=\"e-con-inner\">\n\t\t<div class=\"elementor-element elementor-element-c48d12f e-con-full e-flex e-con e-child\" data-id=\"c48d12f\" data-element_type=\"container\" data-e-type=\"container\">\n\t\t\t\t<div class=\"elementor-element elementor-element-069204c elementor-widget elementor-widget-image\" data-id=\"069204c\" data-element_type=\"widget\" data-e-type=\"widget\" data-widget_type=\"image.default\">\n\t\t\t\t<div class=\"elementor-widget-container\">\n\t\t\t\t\t\t\t\t\t\t\t\t\t\t\t<img decoding=\"async\" width=\"1344\" height=\"697\" src=\"https:\/\/www.bkmotorsport.com.br\/wp-content\/uploads\/2024\/07\/bk-motorsport-motec-brazil-img2.jpg\" class=\"attachment-full size-full wp-image-1406\" alt=\"BK Motorsport y MoTeC\" srcset=\"https:\/\/www.bkmotorsport.com.br\/wp-content\/uploads\/2024\/07\/bk-motorsport-motec-brazil-img2.jpg 1344w, https:\/\/www.bkmotorsport.com.br\/wp-content\/uploads\/2024\/07\/bk-motorsport-motec-brazil-img2-300x156.jpg 300w, https:\/\/www.bkmotorsport.com.br\/wp-content\/uploads\/2024\/07\/bk-motorsport-motec-brazil-img2-1024x531.jpg 1024w, https:\/\/www.bkmotorsport.com.br\/wp-content\/uploads\/2024\/07\/bk-motorsport-motec-brazil-img2-768x398.jpg 768w, https:\/\/www.bkmotorsport.com.br\/wp-content\/uploads\/2024\/07\/bk-motorsport-motec-brazil-img2-18x9.jpg 18w\" sizes=\"(max-width: 1344px) 100vw, 1344px\" \/>\t\t\t\t\t\t\t\t\t\t\t\t\t\t\t<\/div>\n\t\t\t\t<\/div>\n\t\t\t\t<\/div>\n\t\t<div class=\"elementor-element elementor-element-d9e9998 e-con-full e-flex e-con e-child\" data-id=\"d9e9998\" data-element_type=\"container\" data-e-type=\"container\">\n\t\t\t\t<div class=\"elementor-element elementor-element-c945c5c elementor-widget elementor-widget-heading\" data-id=\"c945c5c\" data-element_type=\"widget\" data-e-type=\"widget\" data-widget_type=\"heading.default\">\n\t\t\t\t<div class=\"elementor-widget-container\">\n\t\t\t\t\t<h4 class=\"elementor-heading-title elementor-size-default\">Nuestra Visi\u00f3n<\/h4>\t\t\t\t<\/div>\n\t\t\t\t<\/div>\n\t\t\t\t<div class=\"elementor-element elementor-element-083d483 elementor-widget-divider--view-line elementor-widget elementor-widget-divider\" data-id=\"083d483\" data-element_type=\"widget\" data-e-type=\"widget\" data-widget_type=\"divider.default\">\n\t\t\t\t<div class=\"elementor-widget-container\">\n\t\t\t\t\t\t\t<div class=\"elementor-divider\">\n\t\t\t<span class=\"elementor-divider-separator\">\n\t\t\t\t\t\t<\/span>\n\t\t<\/div>\n\t\t\t\t\t\t<\/div>\n\t\t\t\t<\/div>\n\t\t\t\t<div class=\"elementor-element elementor-element-c705b20 elementor-widget elementor-widget-text-editor\" data-id=\"c705b20\" data-element_type=\"widget\" data-e-type=\"widget\" data-widget_type=\"text-editor.default\">\n\t\t\t\t<div class=\"elementor-widget-container\">\n\t\t\t\t\t\t\t\t\t<p>Nuestra visi\u00f3n es convertirnos en el l\u00edder indiscutible en brindar soporte t\u00e9cnico y soluciones de alto rendimiento para la marca MoTeC en toda Am\u00e9rica Latina. Nuestro objetivo es ser reconocidos no s\u00f3lo por la calidad superior de nuestros productos y servicios, sino tambi\u00e9n por nuestro compromiso continuo con la innovaci\u00f3n y la satisfacci\u00f3n.<\/p>\n<p>Nuestra visi\u00f3n es establecer un punto de referencia en ingenier\u00eda automotriz, brindando a nuestros clientes una experiencia incomparable que supere sus expectativas. Queremos ser la primera opci\u00f3n de los entusiastas y profesionales del automovilismo en lo que respecta a rendimiento y confiabilidad.<\/p>\t\t\t\t\t\t\t\t<\/div>\n\t\t\t\t<\/div>\n\t\t\t\t<\/div>\n\t\t\t\t\t<\/div>\n\t\t\t\t<\/div>\n\t\t<div class=\"elementor-element elementor-element-f45751d e-flex e-con-boxed e-con e-parent\" data-id=\"f45751d\" data-element_type=\"container\" data-e-type=\"container\">\n\t\t\t\t\t<div class=\"e-con-inner\">\n\t\t<div class=\"elementor-element elementor-element-3e2c84f e-con-full e-flex e-con e-child\" data-id=\"3e2c84f\" data-element_type=\"container\" data-e-type=\"container\">\n\t\t\t\t<div class=\"elementor-element elementor-element-2e26a36 elementor-widget elementor-widget-heading\" data-id=\"2e26a36\" data-element_type=\"widget\" data-e-type=\"widget\" data-widget_type=\"heading.default\">\n\t\t\t\t<div class=\"elementor-widget-container\">\n\t\t\t\t\t<h4 class=\"elementor-heading-title elementor-size-default\">Nuestros Valores<\/h4>\t\t\t\t<\/div>\n\t\t\t\t<\/div>\n\t\t\t\t<div class=\"elementor-element elementor-element-5d04caa elementor-widget-divider--view-line elementor-widget elementor-widget-divider\" data-id=\"5d04caa\" data-element_type=\"widget\" data-e-type=\"widget\" data-widget_type=\"divider.default\">\n\t\t\t\t<div class=\"elementor-widget-container\">\n\t\t\t\t\t\t\t<div class=\"elementor-divider\">\n\t\t\t<span class=\"elementor-divider-separator\">\n\t\t\t\t\t\t<\/span>\n\t\t<\/div>\n\t\t\t\t\t\t<\/div>\n\t\t\t\t<\/div>\n\t\t\t\t<div class=\"elementor-element elementor-element-fa2532d elementor-widget__width-initial elementor-icon-list--layout-traditional elementor-list-item-link-full_width elementor-widget elementor-widget-icon-list\" data-id=\"fa2532d\" data-element_type=\"widget\" data-e-type=\"widget\" data-widget_type=\"icon-list.default\">\n\t\t\t\t<div class=\"elementor-widget-container\">\n\t\t\t\t\t\t\t<ul class=\"elementor-icon-list-items\">\n\t\t\t\t\t\t\t<li class=\"elementor-icon-list-item\">\n\t\t\t\t\t\t\t\t\t\t\t<span class=\"elementor-icon-list-icon\">\n\t\t\t\t\t\t\t<svg aria-hidden=\"true\" class=\"e-font-icon-svg e-fas-minus\" viewbox=\"0 0 448 512\" xmlns=\"http:\/\/www.w3.org\/2000\/svg\"><path d=\"M416 208H32c-17.67 0-32 14.33-32 32v32c0 17.67 14.33 32 32 32h384c17.67 0 32-14.33 32-32v-32c0-17.67-14.33-32-32-32z\"><\/path><\/svg>\t\t\t\t\t\t<\/span>\n\t\t\t\t\t\t\t\t\t\t<span class=\"elementor-icon-list-text\">Excelencia: buscamos siempre la m\u00e1xima calidad en nuestros servicios, asegurando que nuestros clientes reciban siempre lo mejor.<\/span>\n\t\t\t\t\t\t\t\t\t<\/li>\n\t\t\t\t\t\t\t\t<li class=\"elementor-icon-list-item\">\n\t\t\t\t\t\t\t\t\t\t\t<span class=\"elementor-icon-list-icon\">\n\t\t\t\t\t\t\t<svg aria-hidden=\"true\" class=\"e-font-icon-svg e-fas-minus\" viewbox=\"0 0 448 512\" xmlns=\"http:\/\/www.w3.org\/2000\/svg\"><path d=\"M416 208H32c-17.67 0-32 14.33-32 32v32c0 17.67 14.33 32 32 32h384c17.67 0 32-14.33 32-32v-32c0-17.67-14.33-32-32-32z\"><\/path><\/svg>\t\t\t\t\t\t<\/span>\n\t\t\t\t\t\t\t\t\t\t<span class=\"elementor-icon-list-text\">Confianza: construimos relaciones de largo plazo con nuestros clientes a trav\u00e9s de un servicio confiable, transparente y eficiente.<\/span>\n\t\t\t\t\t\t\t\t\t<\/li>\n\t\t\t\t\t\t\t\t<li class=\"elementor-icon-list-item\">\n\t\t\t\t\t\t\t\t\t\t\t<span class=\"elementor-icon-list-icon\">\n\t\t\t\t\t\t\t<svg aria-hidden=\"true\" class=\"e-font-icon-svg e-fas-minus\" viewbox=\"0 0 448 512\" xmlns=\"http:\/\/www.w3.org\/2000\/svg\"><path d=\"M416 208H32c-17.67 0-32 14.33-32 32v32c0 17.67 14.33 32 32 32h384c17.67 0 32-14.33 32-32v-32c0-17.67-14.33-32-32-32z\"><\/path><\/svg>\t\t\t\t\t\t<\/span>\n\t\t\t\t\t\t\t\t\t\t<span class=\"elementor-icon-list-text\">Compromiso: nuestro compromiso es la satisfacci\u00f3n del cliente, desde el soporte t\u00e9cnico hasta el rendimiento del producto.<\/span>\n\t\t\t\t\t\t\t\t\t<\/li>\n\t\t\t\t\t\t<\/ul>\n\t\t\t\t\t\t<\/div>\n\t\t\t\t<\/div>\n\t\t\t\t<\/div>\n\t\t<div class=\"elementor-element elementor-element-875253f e-con-full e-flex e-con e-child\" data-id=\"875253f\" data-element_type=\"container\" data-e-type=\"container\">\n\t\t\t\t<div class=\"elementor-element elementor-element-7022147 elementor-widget elementor-widget-image\" data-id=\"7022147\" data-element_type=\"widget\" data-e-type=\"widget\" data-widget_type=\"image.default\">\n\t\t\t\t<div class=\"elementor-widget-container\">\n\t\t\t\t\t\t\t\t\t\t\t\t\t\t\t<img fetchpriority=\"high\" decoding=\"async\" width=\"1344\" height=\"697\" src=\"https:\/\/www.bkmotorsport.com.br\/wp-content\/uploads\/2024\/07\/bk-motorsport-motec-brazil-img4.jpg\" class=\"attachment-full size-full wp-image-1408\" alt=\"BK Motorsport y MoTeC\" srcset=\"https:\/\/www.bkmotorsport.com.br\/wp-content\/uploads\/2024\/07\/bk-motorsport-motec-brazil-img4.jpg 1344w, https:\/\/www.bkmotorsport.com.br\/wp-content\/uploads\/2024\/07\/bk-motorsport-motec-brazil-img4-300x156.jpg 300w, https:\/\/www.bkmotorsport.com.br\/wp-content\/uploads\/2024\/07\/bk-motorsport-motec-brazil-img4-1024x531.jpg 1024w, https:\/\/www.bkmotorsport.com.br\/wp-content\/uploads\/2024\/07\/bk-motorsport-motec-brazil-img4-768x398.jpg 768w, https:\/\/www.bkmotorsport.com.br\/wp-content\/uploads\/2024\/07\/bk-motorsport-motec-brazil-img4-18x9.jpg 18w\" sizes=\"(max-width: 1344px) 100vw, 1344px\" \/>\t\t\t\t\t\t\t\t\t\t\t\t\t\t\t<\/div>\n\t\t\t\t<\/div>\n\t\t\t\t<\/div>\n\t\t\t\t\t<\/div>\n\t\t\t\t<\/div>\n\t\t\t\t<\/div>","protected":false},"excerpt":{"rendered":"<p>Quem Somos A marca MoTeC traz muito mais do que apenas excel\u00eancia em engenharia e tecnologia, ela passa confian\u00e7a em longo prazo de performance e servi\u00e7os aos consumidores. Competitividade provada a mais de 20 anos A mais de 20 anos atr\u00e1s, MoTeC se envolveu na principal for\u00e7a de eletr\u00f4nicos automotivos no p\u00f3s mercado, atraindo o [&hellip;]<\/p>","protected":false},"author":1,"featured_media":0,"parent":0,"menu_order":0,"comment_status":"closed","ping_status":"closed","template":"","meta":{"site-sidebar-layout":"no-sidebar","site-content-layout":"page-builder","ast-site-content-layout":"full-width-container","site-content-style":"unboxed","site-sidebar-style":"unboxed","ast-global-header-display":"","ast-banner-title-visibility":"","ast-main-header-display":"","ast-hfb-above-header-display":"","ast-hfb-below-header-display":"","ast-hfb-mobile-header-display":"","site-post-title":"disabled","ast-breadcrumbs-content":"","ast-featured-img":"disabled","footer-sml-layout":"","ast-disable-related-posts":"","theme-transparent-header-meta":"enabled","adv-header-id-meta":"","stick-header-meta":"","header-above-stick-meta":"","header-main-stick-meta":"","header-below-stick-meta":"","astra-migrate-meta-layouts":"set","ast-page-background-enabled":"default","ast-page-background-meta":{"desktop":{"background-color":"","background-image":"","background-repeat":"repeat","background-position":"center center","background-size":"auto","background-attachment":"scroll","background-type":"","background-media":"","overlay-type":"","overlay-color":"","overlay-opacity":"","overlay-gradient":""},"tablet":{"background-color":"","background-image":"","background-repeat":"repeat","background-position":"center center","background-size":"auto","background-attachment":"scroll","background-type":"","background-media":"","overlay-type":"","overlay-color":"","overlay-opacity":"","overlay-gradient":""},"mobile":{"background-color":"","background-image":"","background-repeat":"repeat","background-position":"center center","background-size":"auto","background-attachment":"scroll","background-type":"","background-media":"","overlay-type":"","overlay-color":"","overlay-opacity":"","overlay-gradient":""}},"ast-content-background-meta":{"desktop":{"background-color":"var(--ast-global-color-5)","background-image":"","background-repeat":"repeat","background-position":"center center","background-size":"auto","background-attachment":"scroll","background-type":"","background-media":"","overlay-type":"","overlay-color":"","overlay-opacity":"","overlay-gradient":""},"tablet":{"background-color":"var(--ast-global-color-5)","background-image":"","background-repeat":"repeat","background-position":"center center","background-size":"auto","background-attachment":"scroll","background-type":"","background-media":"","overlay-type":"","overlay-color":"","overlay-opacity":"","overlay-gradient":""},"mobile":{"background-color":"var(--ast-global-color-5)","background-image":"","background-repeat":"repeat","background-position":"center center","background-size":"auto","background-attachment":"scroll","background-type":"","background-media":"","overlay-type":"","overlay-color":"","overlay-opacity":"","overlay-gradient":""}},"_joinchat":[],"footnotes":""},"class_list":["post-541","page","type-page","status-publish","hentry"],"aioseo_notices":[],"_links":{"self":[{"href":"https:\/\/www.bkmotorsport.com.br\/es\/wp-json\/wp\/v2\/pages\/541","targetHints":{"allow":["GET"]}}],"collection":[{"href":"https:\/\/www.bkmotorsport.com.br\/es\/wp-json\/wp\/v2\/pages"}],"about":[{"href":"https:\/\/www.bkmotorsport.com.br\/es\/wp-json\/wp\/v2\/types\/page"}],"author":[{"embeddable":true,"href":"https:\/\/www.bkmotorsport.com.br\/es\/wp-json\/wp\/v2\/users\/1"}],"replies":[{"embeddable":true,"href":"https:\/\/www.bkmotorsport.com.br\/es\/wp-json\/wp\/v2\/comments?post=541"}],"version-history":[{"count":83,"href":"https:\/\/www.bkmotorsport.com.br\/es\/wp-json\/wp\/v2\/pages\/541\/revisions"}],"predecessor-version":[{"id":1670,"href":"https:\/\/www.bkmotorsport.com.br\/es\/wp-json\/wp\/v2\/pages\/541\/revisions\/1670"}],"wp:attachment":[{"href":"https:\/\/www.bkmotorsport.com.br\/es\/wp-json\/wp\/v2\/media?parent=541"}],"curies":[{"name":"wp","href":"https:\/\/api.w.org\/{rel}","templated":true}]}}