{"id":1689,"date":"2025-02-12T15:14:23","date_gmt":"2025-02-12T18:14:23","guid":{"rendered":"https:\/\/www.bkmotorsport.com.br\/?page_id=1689"},"modified":"2025-02-12T15:17:40","modified_gmt":"2025-02-12T18:17:40","slug":"pdms-obsoleto","status":"publish","type":"page","link":"https:\/\/www.bkmotorsport.com.br\/es\/productos\/pdms-obsoletos\/","title":{"rendered":"PDMs \u2013 Obsoletos"},"content":{"rendered":"<div data-elementor-type=\"wp-post\" data-elementor-id=\"1689\" class=\"elementor elementor-1689\">\n\t\t\t\t<div class=\"elementor-element elementor-element-ce36081 e-flex e-con-boxed e-con e-parent\" data-id=\"ce36081\" data-element_type=\"container\" data-e-type=\"container\" data-settings=\"{&quot;background_background&quot;:&quot;classic&quot;}\">\n\t\t\t\t\t<div class=\"e-con-inner\">\n\t\t<div class=\"elementor-element elementor-element-dd794ec e-con-full e-flex e-con e-child\" data-id=\"dd794ec\" data-element_type=\"container\" data-e-type=\"container\">\n\t\t\t\t<div class=\"elementor-element elementor-element-39c6fc5 elementor-widget elementor-widget-heading\" data-id=\"39c6fc5\" data-element_type=\"widget\" data-e-type=\"widget\" data-widget_type=\"heading.default\">\n\t\t\t\t<div class=\"elementor-widget-container\">\n\t\t\t\t\t<h1 class=\"elementor-heading-title elementor-size-default\">PDMs - Obsoletos<\/h1>\t\t\t\t<\/div>\n\t\t\t\t<\/div>\n\t\t\t\t<\/div>\n\t\t\t\t\t<\/div>\n\t\t\t\t<\/div>\n\t\t<div class=\"elementor-element elementor-element-ce9a670 e-flex e-con-boxed e-con e-parent\" data-id=\"ce9a670\" data-element_type=\"container\" data-e-type=\"container\">\n\t\t\t\t\t<div class=\"e-con-inner\">\n\t\t<div class=\"elementor-element elementor-element-f29b456 e-con-full e-flex e-con e-child\" data-id=\"f29b456\" data-element_type=\"container\" data-e-type=\"container\">\n\t\t\t\t<div class=\"elementor-element elementor-element-c469167 elementor-widget elementor-widget-image\" data-id=\"c469167\" data-element_type=\"widget\" data-e-type=\"widget\" data-widget_type=\"image.default\">\n\t\t\t\t<div class=\"elementor-widget-container\">\n\t\t\t\t\t\t\t\t\t\t\t\t\t\t\t<img fetchpriority=\"high\" decoding=\"async\" width=\"750\" height=\"389\" src=\"https:\/\/www.bkmotorsport.com.br\/wp-content\/uploads\/2024\/07\/medium_PDM_16_GREY_obsolete_a91527d8cf.jpg\" class=\"attachment-large size-large wp-image-1428\" alt=\"BK Motorsport y MoTeC\" srcset=\"https:\/\/www.bkmotorsport.com.br\/wp-content\/uploads\/2024\/07\/medium_PDM_16_GREY_obsolete_a91527d8cf.jpg 750w, https:\/\/www.bkmotorsport.com.br\/wp-content\/uploads\/2024\/07\/medium_PDM_16_GREY_obsolete_a91527d8cf-300x156.jpg 300w, https:\/\/www.bkmotorsport.com.br\/wp-content\/uploads\/2024\/07\/medium_PDM_16_GREY_obsolete_a91527d8cf-18x9.jpg 18w\" sizes=\"(max-width: 750px) 100vw, 750px\" \/>\t\t\t\t\t\t\t\t\t\t\t\t\t\t\t<\/div>\n\t\t\t\t<\/div>\n\t\t\t\t<div class=\"elementor-element elementor-element-7e449e9 elementor-widget elementor-widget-heading\" data-id=\"7e449e9\" data-element_type=\"widget\" data-e-type=\"widget\" data-widget_type=\"heading.default\">\n\t\t\t\t<div class=\"elementor-widget-container\">\n\t\t\t\t\t<h1 class=\"elementor-heading-title elementor-size-default\">PDM16 - Obsoleto<\/h1>\t\t\t\t<\/div>\n\t\t\t\t<\/div>\n\t\t\t\t<div class=\"elementor-element elementor-element-5a0ee1c elementor-widget elementor-widget-text-editor\" data-id=\"5a0ee1c\" data-element_type=\"widget\" data-e-type=\"widget\" data-widget_type=\"text-editor.default\">\n\t\t\t\t<div class=\"elementor-widget-container\">\n\t\t\t\t\t\t\t\t\tN\u00famero de pieza: #14102\t\t\t\t\t\t\t\t<\/div>\n\t\t\t\t<\/div>\n\t\t\t\t<div class=\"elementor-element elementor-element-ab8d4b1 elementor-align-center elementor-widget elementor-widget-button\" data-id=\"ab8d4b1\" data-element_type=\"widget\" data-e-type=\"widget\" data-widget_type=\"button.default\">\n\t\t\t\t<div class=\"elementor-widget-container\">\n\t\t\t\t\t\t\t\t\t<div class=\"elementor-button-wrapper\">\n\t\t\t\t\t<a class=\"elementor-button elementor-button-link elementor-size-sm\" href=\"https:\/\/www.bkmotorsport.com.br\/es\/productos\/pdms-obsoletos\/pdm16\/\" target=\"_blank\">\n\t\t\t\t\t\t<span class=\"elementor-button-content-wrapper\">\n\t\t\t\t\t\t\t\t\t<span class=\"elementor-button-text\">Sepa mas<\/span>\n\t\t\t\t\t<\/span>\n\t\t\t\t\t<\/a>\n\t\t\t\t<\/div>\n\t\t\t\t\t\t\t\t<\/div>\n\t\t\t\t<\/div>\n\t\t\t\t<\/div>\n\t\t<div class=\"elementor-element elementor-element-b9986bc e-con-full e-flex e-con e-child\" data-id=\"b9986bc\" data-element_type=\"container\" data-e-type=\"container\">\n\t\t\t\t<div class=\"elementor-element elementor-element-ca869da elementor-widget elementor-widget-image\" data-id=\"ca869da\" data-element_type=\"widget\" data-e-type=\"widget\" data-widget_type=\"image.default\">\n\t\t\t\t<div class=\"elementor-widget-container\">\n\t\t\t\t\t\t\t\t\t\t\t\t\t\t\t<img fetchpriority=\"high\" decoding=\"async\" width=\"750\" height=\"389\" src=\"https:\/\/www.bkmotorsport.com.br\/wp-content\/uploads\/2024\/07\/medium_PDM_16_GREY_obsolete_a91527d8cf.jpg\" class=\"attachment-large size-large wp-image-1428\" alt=\"BK Motorsport y MoTeC\" srcset=\"https:\/\/www.bkmotorsport.com.br\/wp-content\/uploads\/2024\/07\/medium_PDM_16_GREY_obsolete_a91527d8cf.jpg 750w, https:\/\/www.bkmotorsport.com.br\/wp-content\/uploads\/2024\/07\/medium_PDM_16_GREY_obsolete_a91527d8cf-300x156.jpg 300w, https:\/\/www.bkmotorsport.com.br\/wp-content\/uploads\/2024\/07\/medium_PDM_16_GREY_obsolete_a91527d8cf-18x9.jpg 18w\" sizes=\"(max-width: 750px) 100vw, 750px\" \/>\t\t\t\t\t\t\t\t\t\t\t\t\t\t\t<\/div>\n\t\t\t\t<\/div>\n\t\t\t\t<div class=\"elementor-element elementor-element-9b2067d elementor-widget elementor-widget-heading\" data-id=\"9b2067d\" data-element_type=\"widget\" data-e-type=\"widget\" data-widget_type=\"heading.default\">\n\t\t\t\t<div class=\"elementor-widget-container\">\n\t\t\t\t\t<h1 class=\"elementor-heading-title elementor-size-default\">PDM16M - Obsoleto<\/h1>\t\t\t\t<\/div>\n\t\t\t\t<\/div>\n\t\t\t\t<div class=\"elementor-element elementor-element-a39039e elementor-widget elementor-widget-text-editor\" data-id=\"a39039e\" data-element_type=\"widget\" data-e-type=\"widget\" data-widget_type=\"text-editor.default\">\n\t\t\t\t<div class=\"elementor-widget-container\">\n\t\t\t\t\t\t\t\t\tN\u00famero de pieza: #14102M\t\t\t\t\t\t\t\t<\/div>\n\t\t\t\t<\/div>\n\t\t\t\t<div class=\"elementor-element elementor-element-acfb572 elementor-align-center elementor-widget elementor-widget-button\" data-id=\"acfb572\" data-element_type=\"widget\" data-e-type=\"widget\" data-widget_type=\"button.default\">\n\t\t\t\t<div class=\"elementor-widget-container\">\n\t\t\t\t\t\t\t\t\t<div class=\"elementor-button-wrapper\">\n\t\t\t\t\t<a class=\"elementor-button elementor-button-link elementor-size-sm\" href=\"https:\/\/www.bkmotorsport.com.br\/es\/productos\/pdms-obsoletos\/pdm16m\/\" target=\"_blank\">\n\t\t\t\t\t\t<span class=\"elementor-button-content-wrapper\">\n\t\t\t\t\t\t\t\t\t<span class=\"elementor-button-text\">Sepa mas<\/span>\n\t\t\t\t\t<\/span>\n\t\t\t\t\t<\/a>\n\t\t\t\t<\/div>\n\t\t\t\t\t\t\t\t<\/div>\n\t\t\t\t<\/div>\n\t\t\t\t<\/div>\n\t\t<div class=\"elementor-element elementor-element-ec36643 e-con-full e-flex e-con e-child\" data-id=\"ec36643\" data-element_type=\"container\" data-e-type=\"container\">\n\t\t\t\t<\/div>\n\t\t<div class=\"elementor-element elementor-element-d78571a e-con-full e-flex e-con e-child\" data-id=\"d78571a\" data-element_type=\"container\" data-e-type=\"container\">\n\t\t\t\t<\/div>\n\t\t\t\t\t<\/div>\n\t\t\t\t<\/div>\n\t\t<div class=\"elementor-element elementor-element-2121055 e-flex e-con-boxed e-con e-parent\" data-id=\"2121055\" data-element_type=\"container\" data-e-type=\"container\">\n\t\t\t\t\t<div class=\"e-con-inner\">\n\t\t\t\t<div class=\"elementor-element elementor-element-fb127b1 elementor-widget elementor-widget-spacer\" data-id=\"fb127b1\" data-element_type=\"widget\" data-e-type=\"widget\" data-widget_type=\"spacer.default\">\n\t\t\t\t<div class=\"elementor-widget-container\">\n\t\t\t\t\t\t\t<div class=\"elementor-spacer\">\n\t\t\t<div class=\"elementor-spacer-inner\"><\/div>\n\t\t<\/div>\n\t\t\t\t\t\t<\/div>\n\t\t\t\t<\/div>\n\t\t\t\t\t<\/div>\n\t\t\t\t<\/div>\n\t\t\t\t<\/div>","protected":false},"excerpt":{"rendered":"<p>PDMs &#8211; Obsoleto PDM16 &#8211; Obsoleto N\u00famero da pe\u00e7a: #14102 Saiba Mais PDM16M &#8211; Obsoleto N\u00famero da pe\u00e7a: #14102M Saiba Mais<\/p>","protected":false},"author":1,"featured_media":0,"parent":542,"menu_order":0,"comment_status":"closed","ping_status":"closed","template":"","meta":{"site-sidebar-layout":"no-sidebar","site-content-layout":"page-builder","ast-site-content-layout":"full-width-container","site-content-style":"unboxed","site-sidebar-style":"unboxed","ast-global-header-display":"","ast-banner-title-visibility":"","ast-main-header-display":"","ast-hfb-above-header-display":"","ast-hfb-below-header-display":"","ast-hfb-mobile-header-display":"","site-post-title":"disabled","ast-breadcrumbs-content":"","ast-featured-img":"disabled","footer-sml-layout":"","ast-disable-related-posts":"","theme-transparent-header-meta":"enabled","adv-header-id-meta":"","stick-header-meta":"","header-above-stick-meta":"","header-main-stick-meta":"","header-below-stick-meta":"","astra-migrate-meta-layouts":"set","ast-page-background-enabled":"default","ast-page-background-meta":{"desktop":{"background-color":"","background-image":"","background-repeat":"repeat","background-position":"center center","background-size":"auto","background-attachment":"scroll","background-type":"","background-media":"","overlay-type":"","overlay-color":"","overlay-opacity":"","overlay-gradient":""},"tablet":{"background-color":"","background-image":"","background-repeat":"repeat","background-position":"center center","background-size":"auto","background-attachment":"scroll","background-type":"","background-media":"","overlay-type":"","overlay-color":"","overlay-opacity":"","overlay-gradient":""},"mobile":{"background-color":"","background-image":"","background-repeat":"repeat","background-position":"center center","background-size":"auto","background-attachment":"scroll","background-type":"","background-media":"","overlay-type":"","overlay-color":"","overlay-opacity":"","overlay-gradient":""}},"ast-content-background-meta":{"desktop":{"background-color":"var(--ast-global-color-5)","background-image":"","background-repeat":"repeat","background-position":"center center","background-size":"auto","background-attachment":"scroll","background-type":"","background-media":"","overlay-type":"","overlay-color":"","overlay-opacity":"","overlay-gradient":""},"tablet":{"background-color":"var(--ast-global-color-5)","background-image":"","background-repeat":"repeat","background-position":"center center","background-size":"auto","background-attachment":"scroll","background-type":"","background-media":"","overlay-type":"","overlay-color":"","overlay-opacity":"","overlay-gradient":""},"mobile":{"background-color":"var(--ast-global-color-5)","background-image":"","background-repeat":"repeat","background-position":"center center","background-size":"auto","background-attachment":"scroll","background-type":"","background-media":"","overlay-type":"","overlay-color":"","overlay-opacity":"","overlay-gradient":""}},"_joinchat":[],"footnotes":""},"class_list":["post-1689","page","type-page","status-publish","hentry"],"aioseo_notices":[],"_links":{"self":[{"href":"https:\/\/www.bkmotorsport.com.br\/es\/wp-json\/wp\/v2\/pages\/1689","targetHints":{"allow":["GET"]}}],"collection":[{"href":"https:\/\/www.bkmotorsport.com.br\/es\/wp-json\/wp\/v2\/pages"}],"about":[{"href":"https:\/\/www.bkmotorsport.com.br\/es\/wp-json\/wp\/v2\/types\/page"}],"author":[{"embeddable":true,"href":"https:\/\/www.bkmotorsport.com.br\/es\/wp-json\/wp\/v2\/users\/1"}],"replies":[{"embeddable":true,"href":"https:\/\/www.bkmotorsport.com.br\/es\/wp-json\/wp\/v2\/comments?post=1689"}],"version-history":[{"count":10,"href":"https:\/\/www.bkmotorsport.com.br\/es\/wp-json\/wp\/v2\/pages\/1689\/revisions"}],"predecessor-version":[{"id":1702,"href":"https:\/\/www.bkmotorsport.com.br\/es\/wp-json\/wp\/v2\/pages\/1689\/revisions\/1702"}],"up":[{"embeddable":true,"href":"https:\/\/www.bkmotorsport.com.br\/es\/wp-json\/wp\/v2\/pages\/542"}],"wp:attachment":[{"href":"https:\/\/www.bkmotorsport.com.br\/es\/wp-json\/wp\/v2\/media?parent=1689"}],"curies":[{"name":"wp","href":"https:\/\/api.w.org\/{rel}","templated":true}]}}