{"id":2086,"date":"2025-02-14T12:41:29","date_gmt":"2025-02-14T15:41:29","guid":{"rendered":"https:\/\/www.bkmotorsport.com.br\/?page_id=2086"},"modified":"2025-02-14T12:45:58","modified_gmt":"2025-02-14T15:45:58","slug":"paddle-shift-kit","status":"publish","type":"page","link":"https:\/\/www.bkmotorsport.com.br\/en\/products\/paddle-shift-kit\/","title":{"rendered":"Paddle Shift Kit"},"content":{"rendered":"<div data-elementor-type=\"wp-post\" data-elementor-id=\"2086\" class=\"elementor elementor-2086\">\n\t\t\t\t<div class=\"elementor-element elementor-element-ce36081 e-flex e-con-boxed e-con e-parent\" data-id=\"ce36081\" data-element_type=\"container\" data-e-type=\"container\" data-settings=\"{&quot;background_background&quot;:&quot;classic&quot;}\">\n\t\t\t\t\t<div class=\"e-con-inner\">\n\t\t<div class=\"elementor-element elementor-element-dd794ec e-con-full e-flex e-con e-child\" data-id=\"dd794ec\" data-element_type=\"container\" data-e-type=\"container\">\n\t\t\t\t<div class=\"elementor-element elementor-element-39c6fc5 elementor-widget elementor-widget-heading\" data-id=\"39c6fc5\" data-element_type=\"widget\" data-e-type=\"widget\" data-widget_type=\"heading.default\">\n\t\t\t\t<div class=\"elementor-widget-container\">\n\t\t\t\t\t<h1 class=\"elementor-heading-title elementor-size-default\">Paddle Shift Kit<\/h1>\t\t\t\t<\/div>\n\t\t\t\t<\/div>\n\t\t\t\t<\/div>\n\t\t\t\t\t<\/div>\n\t\t\t\t<\/div>\n\t\t<div class=\"elementor-element elementor-element-1dc6816 e-flex e-con-boxed e-con e-parent\" data-id=\"1dc6816\" data-element_type=\"container\" data-e-type=\"container\">\n\t\t\t\t\t<div class=\"e-con-inner\">\n\t\t<div class=\"elementor-element elementor-element-4973e22 e-con-full e-flex e-con e-child\" data-id=\"4973e22\" data-element_type=\"container\" data-e-type=\"container\">\n\t\t\t\t<div class=\"elementor-element elementor-element-20b56ee elementor-widget elementor-widget-image\" data-id=\"20b56ee\" data-element_type=\"widget\" data-e-type=\"widget\" data-widget_type=\"image.default\">\n\t\t\t\t<div class=\"elementor-widget-container\">\n\t\t\t\t\t\t\t\t\t\t\t\t\t\t\t<img fetchpriority=\"high\" decoding=\"async\" width=\"1024\" height=\"531\" src=\"https:\/\/www.bkmotorsport.com.br\/wp-content\/uploads\/2025\/02\/WEBSITE_Paddle_Shift_Trans_86be81c7df-1024x531.webp\" class=\"attachment-large size-large wp-image-2094\" alt=\"\" srcset=\"https:\/\/www.bkmotorsport.com.br\/wp-content\/uploads\/2025\/02\/WEBSITE_Paddle_Shift_Trans_86be81c7df-1024x531.webp 1024w, https:\/\/www.bkmotorsport.com.br\/wp-content\/uploads\/2025\/02\/WEBSITE_Paddle_Shift_Trans_86be81c7df-300x156.webp 300w, https:\/\/www.bkmotorsport.com.br\/wp-content\/uploads\/2025\/02\/WEBSITE_Paddle_Shift_Trans_86be81c7df-768x398.webp 768w, https:\/\/www.bkmotorsport.com.br\/wp-content\/uploads\/2025\/02\/WEBSITE_Paddle_Shift_Trans_86be81c7df-18x9.webp 18w, https:\/\/www.bkmotorsport.com.br\/wp-content\/uploads\/2025\/02\/WEBSITE_Paddle_Shift_Trans_86be81c7df.webp 1344w\" sizes=\"(max-width: 1024px) 100vw, 1024px\" \/>\t\t\t\t\t\t\t\t\t\t\t\t\t\t\t<\/div>\n\t\t\t\t<\/div>\n\t\t\t\t<\/div>\n\t\t<div class=\"elementor-element elementor-element-83e659d e-con-full e-flex e-con e-child\" data-id=\"83e659d\" data-element_type=\"container\" data-e-type=\"container\">\n\t\t\t\t<div class=\"elementor-element elementor-element-cf31c6d elementor-widget elementor-widget-text-editor\" data-id=\"cf31c6d\" data-element_type=\"widget\" data-e-type=\"widget\" data-widget_type=\"text-editor.default\">\n\t\t\t\t<div class=\"elementor-widget-container\">\n\t\t\t\t\t\t\t\t\t<p>The Paddle Shift Auxiliary Kit is designed as a hardware solution for integrating paddle shift with a racing sequential gearbox. It is intended for use with a MoTeC GPRP-M1 engine management system, which comprises an M1 ECU and the GPRP firmware package with paddle shift control.<\/p>\t\t\t\t\t\t\t\t<\/div>\n\t\t\t\t<\/div>\n\t\t\t\t<\/div>\n\t\t\t\t\t<\/div>\n\t\t\t\t<\/div>\n\t\t<div class=\"elementor-element elementor-element-4de6299 e-flex e-con-boxed e-con e-parent\" data-id=\"4de6299\" data-element_type=\"container\" data-e-type=\"container\">\n\t\t\t\t\t<div class=\"e-con-inner\">\n\t\t\t\t<div class=\"elementor-element elementor-element-31a1fdc elementor-widget elementor-widget-heading\" data-id=\"31a1fdc\" data-element_type=\"widget\" data-e-type=\"widget\" data-widget_type=\"heading.default\">\n\t\t\t\t<div class=\"elementor-widget-container\">\n\t\t\t\t\t<h3 class=\"elementor-heading-title elementor-size-default\">Features<\/h3>\t\t\t\t<\/div>\n\t\t\t\t<\/div>\n\t\t\t\t<div class=\"elementor-element elementor-element-1528f4d elementor-widget elementor-widget-text-editor\" data-id=\"1528f4d\" data-element_type=\"widget\" data-e-type=\"widget\" data-widget_type=\"text-editor.default\">\n\t\t\t\t<div class=\"elementor-widget-container\">\n\t\t\t\t\t\t\t\t\t<ul id=\"ul_pj3_tpc_f5\"><li>Includes two carbon fiber steering wheel mounted paddles (momentary switches) for up\/down shifts to the ECU.<\/li><li>Includes carbon fiber steering wheel mounting plate for paddles and buttons.<\/li><li>The push\/pull pneumatic actuator will allow up and down shifts via two built-in solenoid valves. Valve timing is controlled via the ECU&#039;s gear shift function.<\/li><li><span>The pneumatic pump supplies air pressure to the tank and is activated by the ECU with specific pressure control, including a pressure sensor failure fallback strategy.<\/span><ul id=\"ul_jrj_gwc_4tb\"><li>If the sensor fails or is not present, the ECU can automatically switch the pump to maintain a pressure supply. Excess air pressure is relieved via the pressure relief valve provided in the kit.<\/li><\/ul><\/li><li>The air tank and manifold provide a strong reserve of pressurized air for shifting. The manifold includes ports for all necessary accessories and a pressure sensor for pump control.<\/li><li>The tank to pump pressure line has a standard length of 1.5m, but can be shortened using simple tools. It is included in the air tank manifold kit, but is also available as a spare part.<\/li><\/ul>\t\t\t\t\t\t\t\t<\/div>\n\t\t\t\t<\/div>\n\t\t\t\t<div class=\"elementor-element elementor-element-6cfe6a9 elementor-widget elementor-widget-heading\" data-id=\"6cfe6a9\" data-element_type=\"widget\" data-e-type=\"widget\" data-widget_type=\"heading.default\">\n\t\t\t\t<div class=\"elementor-widget-container\">\n\t\t\t\t\t<h3 class=\"elementor-heading-title elementor-size-default\">Additional Details<\/h3>\t\t\t\t<\/div>\n\t\t\t\t<\/div>\n\t\t\t\t<div class=\"elementor-element elementor-element-761c6c1 elementor-widget elementor-widget-text-editor\" data-id=\"761c6c1\" data-element_type=\"widget\" data-e-type=\"widget\" data-widget_type=\"text-editor.default\">\n\t\t\t\t<div class=\"elementor-widget-container\">\n\t\t\t\t\t\t\t\t\t<ul id=\"ul_pxm_jpd_f5\"><li>The paddles can be connected to any digital, universal digital or analog voltage input pin.<ul><li>Option for single input wiring, see: Paddle Wiring<\/li><\/ul><\/li><li>The pneumatic actuator can be connected directly to the ECU without the need for an external amplifier or relay. Two half-bridge injector outputs, peak hold or low side outputs can be used; one output for up shifts and one output for down shifts.<\/li><li>The pneumatic pump is controlled by the M1. It can be powered from a MoTeC PDM using CAN or a direct wired high current relay using a Half Bridge, Peak Hold Injector or Low Side output.<\/li><li>The tank pressure sensor can be connected to any analog voltage input.<\/li><\/ul><div><div class=\"unindented-image\"><div class=\"is-hidden-mobile\"><div><div><div><img decoding=\"async\" src=\"https:\/\/www.motec.com.au\/hessian\/uploads\/75120_Paddleshift_schematic_d6eba47dad.jpg\" \/><\/div><\/div><\/div><\/div><\/div><\/div><div><div data-v-aae32c40=\"\"><div class=\"content\" data-v-aae32c40=\"\"><p><b>Paddle shift sequence:<\/b><\/p><ol id=\"ol_jh1_54l_f5\"><li>The order to start a shift comes from the driver&#039;s paddle.<\/li><li>The system cuts or flashes the engine through the injectors, coils or Drive by Wire.<\/li><li>The shift actuator moves the gearbox between gears.<\/li><li>When the next gear is reached, power is reintroduced.<\/li><\/ol><section id=\"section_fbm_y2b_4tb\"><img decoding=\"async\" class=\"xdocs-image\" src=\"https:\/\/www.motec.com.au\/hessian\/uploads\/75121_Paddles_and_Mount_Plate_SBS_a08b289523.jpg\" width=\"100%\" \/><p>It is recommended that the paddles are mounted to the supplied plate attached to the rear of the steering wheel using two M4x0.7 countersunk screws per paddle with a retaining compound (e.g. Loctite 222). The mounting screws should be no more than 4mm longer than the thickness of the mounting plate. Typically 6mm long screws would be used with the supplied 2.5mm thick mounting plate.<\/p><p>Mounting hole dimensions are shown below. Also shown are alternative handle mounting holes that offset the paddle handle outward by 6mm on each side.<\/p><p>Dimensions in mm<\/p><img decoding=\"async\" class=\"xdocs-image\" src=\"https:\/\/www.motec.com.au\/hessian\/uploads\/75121_paddle_drawing_extra_c772f022a4.png\" width=\"60%\" \/><\/section><section id=\"section_vbw_1fb_4tb\"><h5 class=\"xdocs-heading\">Mounting plate<\/h5><p>Dimensions in mm<\/p><img decoding=\"async\" class=\"xdocs-image\" src=\"https:\/\/www.motec.com.au\/hessian\/uploads\/75121_mounting_plate_drawing_extra_81dafb23d8.png\" width=\"60%\" \/><\/section><section><section id=\"section_wvg_p2b_4tb\"><p>The blades are supplied with 500mm unterminated 18AWG flying leads for freedom of configuration. Circuit descriptions are as follows:<\/p><div class=\"mobile-scroll\"><table class=\"xdocs-table\"><tbody><tr class=\"xdocs-tr\"><td class=\"xdocs-td\"><b>Color<\/b><\/td><td class=\"xdocs-td\"><b>To use<\/b><\/td><\/tr><tr class=\"xdocs-tr\"><td class=\"xdocs-td\">Blue<\/td><td class=\"xdocs-td\">Normally open contact<\/td><\/tr><tr class=\"xdocs-tr\"><td class=\"xdocs-td\">Gray<\/td><td class=\"xdocs-td\">Normally closed contact<\/td><\/tr><tr class=\"xdocs-tr\"><td class=\"xdocs-td\">Black<\/td><td class=\"xdocs-td\">Common<\/td><\/tr><\/tbody><\/table><\/div><p>Typically the blue wires will be connected to a digital or switching input from a controller (e.g. Engine Management System) and the black wires will be connected to 0V\/ground; there will be no connection to the gray wire.<\/p><\/section><section id=\"section_ukk_r2b_4tb\"><h5 class=\"xdocs-heading\">Alternative Connection \u2013 Single ECU Input<\/h5><p>This method allows both paddles to be connected to a single input when supported by the controller.<\/p><img decoding=\"async\" class=\"xdocs-image\" src=\"https:\/\/www.motec.com.au\/hessian\/uploads\/75121_alternative_single_input_wiring_f42e3682b9.png\" width=\"80%\" \/><p>The resulting behavior of Vout is as follows:<\/p><div class=\"mobile-scroll\"><table class=\"xdocs-table\"><tbody><tr class=\"xdocs-tr\"><td class=\"xdocs-td\"><b>Action<\/b><\/td><td class=\"xdocs-td\"><b>Vout<\/b><\/td><\/tr><tr class=\"xdocs-tr\"><td class=\"xdocs-td\">Off<\/td><td class=\"xdocs-td\">2.500<\/td><\/tr><tr class=\"xdocs-tr\"><td class=\"xdocs-td\">On top<\/td><td class=\"xdocs-td\">0.596<\/td><\/tr><tr class=\"xdocs-tr\"><td class=\"xdocs-td\">Below<\/td><td class=\"xdocs-td\">4.037<\/td><\/tr><tr class=\"xdocs-tr\"><td class=\"xdocs-td\">Both<\/td><td class=\"xdocs-td\">1.811<\/td><\/tr><\/tbody><\/table><\/div><\/section><\/section><\/div><\/div><\/div>\t\t\t\t\t\t\t\t<\/div>\n\t\t\t\t<\/div>\n\t\t\t\t\t<\/div>\n\t\t\t\t<\/div>\n\t\t<div class=\"elementor-element elementor-element-99d09dd e-flex e-con-boxed e-con e-parent\" data-id=\"99d09dd\" data-element_type=\"container\" data-e-type=\"container\">\n\t\t\t\t\t<div class=\"e-con-inner\">\n\t\t\t\t<div class=\"elementor-element elementor-element-225dfbf elementor-widget elementor-widget-spacer\" data-id=\"225dfbf\" data-element_type=\"widget\" data-e-type=\"widget\" data-widget_type=\"spacer.default\">\n\t\t\t\t<div class=\"elementor-widget-container\">\n\t\t\t\t\t\t\t<div class=\"elementor-spacer\">\n\t\t\t<div class=\"elementor-spacer-inner\"><\/div>\n\t\t<\/div>\n\t\t\t\t\t\t<\/div>\n\t\t\t\t<\/div>\n\t\t\t\t\t<\/div>\n\t\t\t\t<\/div>\n\t\t\t\t<\/div>","protected":false},"excerpt":{"rendered":"<p>Paddle Shift Kit O Kit Auxiliar Paddle Shift foi projetado como uma solu\u00e7\u00e3o de hardware para integrar o paddle shift com uma caixa de c\u00e2mbio sequencial de corrida. Destina-se ao uso com um sistema de gerenciamento de motor MoTeC GPRP-M1, que compreende uma ECU M1 e o pacote de firmware GPRP com controle de paddle [&hellip;]<\/p>","protected":false},"author":1,"featured_media":0,"parent":542,"menu_order":0,"comment_status":"closed","ping_status":"closed","template":"","meta":{"site-sidebar-layout":"no-sidebar","site-content-layout":"page-builder","ast-site-content-layout":"full-width-container","site-content-style":"unboxed","site-sidebar-style":"unboxed","ast-global-header-display":"","ast-banner-title-visibility":"","ast-main-header-display":"","ast-hfb-above-header-display":"","ast-hfb-below-header-display":"","ast-hfb-mobile-header-display":"","site-post-title":"disabled","ast-breadcrumbs-content":"","ast-featured-img":"disabled","footer-sml-layout":"","ast-disable-related-posts":"","theme-transparent-header-meta":"enabled","adv-header-id-meta":"","stick-header-meta":"","header-above-stick-meta":"","header-main-stick-meta":"","header-below-stick-meta":"","astra-migrate-meta-layouts":"set","ast-page-background-enabled":"default","ast-page-background-meta":{"desktop":{"background-color":"","background-image":"","background-repeat":"repeat","background-position":"center center","background-size":"auto","background-attachment":"scroll","background-type":"","background-media":"","overlay-type":"","overlay-color":"","overlay-opacity":"","overlay-gradient":""},"tablet":{"background-color":"","background-image":"","background-repeat":"repeat","background-position":"center center","background-size":"auto","background-attachment":"scroll","background-type":"","background-media":"","overlay-type":"","overlay-color":"","overlay-opacity":"","overlay-gradient":""},"mobile":{"background-color":"","background-image":"","background-repeat":"repeat","background-position":"center center","background-size":"auto","background-attachment":"scroll","background-type":"","background-media":"","overlay-type":"","overlay-color":"","overlay-opacity":"","overlay-gradient":""}},"ast-content-background-meta":{"desktop":{"background-color":"var(--ast-global-color-5)","background-image":"","background-repeat":"repeat","background-position":"center center","background-size":"auto","background-attachment":"scroll","background-type":"","background-media":"","overlay-type":"","overlay-color":"","overlay-opacity":"","overlay-gradient":""},"tablet":{"background-color":"var(--ast-global-color-5)","background-image":"","background-repeat":"repeat","background-position":"center center","background-size":"auto","background-attachment":"scroll","background-type":"","background-media":"","overlay-type":"","overlay-color":"","overlay-opacity":"","overlay-gradient":""},"mobile":{"background-color":"var(--ast-global-color-5)","background-image":"","background-repeat":"repeat","background-position":"center center","background-size":"auto","background-attachment":"scroll","background-type":"","background-media":"","overlay-type":"","overlay-color":"","overlay-opacity":"","overlay-gradient":""}},"_joinchat":[],"footnotes":""},"class_list":["post-2086","page","type-page","status-publish","hentry"],"aioseo_notices":[],"_links":{"self":[{"href":"https:\/\/www.bkmotorsport.com.br\/en\/wp-json\/wp\/v2\/pages\/2086","targetHints":{"allow":["GET"]}}],"collection":[{"href":"https:\/\/www.bkmotorsport.com.br\/en\/wp-json\/wp\/v2\/pages"}],"about":[{"href":"https:\/\/www.bkmotorsport.com.br\/en\/wp-json\/wp\/v2\/types\/page"}],"author":[{"embeddable":true,"href":"https:\/\/www.bkmotorsport.com.br\/en\/wp-json\/wp\/v2\/users\/1"}],"replies":[{"embeddable":true,"href":"https:\/\/www.bkmotorsport.com.br\/en\/wp-json\/wp\/v2\/comments?post=2086"}],"version-history":[{"count":7,"href":"https:\/\/www.bkmotorsport.com.br\/en\/wp-json\/wp\/v2\/pages\/2086\/revisions"}],"predecessor-version":[{"id":2098,"href":"https:\/\/www.bkmotorsport.com.br\/en\/wp-json\/wp\/v2\/pages\/2086\/revisions\/2098"}],"up":[{"embeddable":true,"href":"https:\/\/www.bkmotorsport.com.br\/en\/wp-json\/wp\/v2\/pages\/542"}],"wp:attachment":[{"href":"https:\/\/www.bkmotorsport.com.br\/en\/wp-json\/wp\/v2\/media?parent=2086"}],"curies":[{"name":"wp","href":"https:\/\/api.w.org\/{rel}","templated":true}]}}