{"id":1727,"date":"2025-02-12T15:44:28","date_gmt":"2025-02-12T18:44:28","guid":{"rendered":"https:\/\/www.bkmotorsport.com.br\/?page_id=1727"},"modified":"2025-02-12T15:47:48","modified_gmt":"2025-02-12T18:47:48","slug":"paddle-shift-kit-obsoleto","status":"publish","type":"page","link":"https:\/\/www.bkmotorsport.com.br\/en\/products\/obsolete-paddle-shift-kit\/","title":{"rendered":"Paddle Shift Kit &#8211; Obsoleto"},"content":{"rendered":"<div data-elementor-type=\"wp-post\" data-elementor-id=\"1727\" class=\"elementor elementor-1727\">\n\t\t\t\t<div class=\"elementor-element elementor-element-ce36081 e-flex e-con-boxed e-con e-parent\" data-id=\"ce36081\" data-element_type=\"container\" data-e-type=\"container\" data-settings=\"{&quot;background_background&quot;:&quot;classic&quot;}\">\n\t\t\t\t\t<div class=\"e-con-inner\">\n\t\t<div class=\"elementor-element elementor-element-dd794ec e-con-full e-flex e-con e-child\" data-id=\"dd794ec\" data-element_type=\"container\" data-e-type=\"container\">\n\t\t\t\t<div class=\"elementor-element elementor-element-39c6fc5 elementor-widget elementor-widget-heading\" data-id=\"39c6fc5\" data-element_type=\"widget\" data-e-type=\"widget\" data-widget_type=\"heading.default\">\n\t\t\t\t<div class=\"elementor-widget-container\">\n\t\t\t\t\t<h1 class=\"elementor-heading-title elementor-size-default\">Paddle Shift Kit \u2013 Obsolete <\/h1>\t\t\t\t<\/div>\n\t\t\t\t<\/div>\n\t\t\t\t<\/div>\n\t\t\t\t\t<\/div>\n\t\t\t\t<\/div>\n\t\t<div class=\"elementor-element elementor-element-1dc6816 e-flex e-con-boxed e-con e-parent\" data-id=\"1dc6816\" data-element_type=\"container\" data-e-type=\"container\">\n\t\t\t\t\t<div class=\"e-con-inner\">\n\t\t<div class=\"elementor-element elementor-element-4973e22 e-con-full e-flex e-con e-child\" data-id=\"4973e22\" data-element_type=\"container\" data-e-type=\"container\">\n\t\t\t\t<div class=\"elementor-element elementor-element-20b56ee elementor-widget elementor-widget-image\" data-id=\"20b56ee\" data-element_type=\"widget\" data-e-type=\"widget\" data-widget_type=\"image.default\">\n\t\t\t\t<div class=\"elementor-widget-container\">\n\t\t\t\t\t\t\t\t\t\t\t\t\t\t\t<img fetchpriority=\"high\" decoding=\"async\" width=\"1024\" height=\"531\" src=\"https:\/\/www.bkmotorsport.com.br\/wp-content\/uploads\/2025\/02\/75100_6611c359e5-1024x531.webp\" class=\"attachment-large size-large wp-image-1732\" alt=\"\" srcset=\"https:\/\/www.bkmotorsport.com.br\/wp-content\/uploads\/2025\/02\/75100_6611c359e5-1024x531.webp 1024w, https:\/\/www.bkmotorsport.com.br\/wp-content\/uploads\/2025\/02\/75100_6611c359e5-300x156.webp 300w, https:\/\/www.bkmotorsport.com.br\/wp-content\/uploads\/2025\/02\/75100_6611c359e5-768x398.webp 768w, https:\/\/www.bkmotorsport.com.br\/wp-content\/uploads\/2025\/02\/75100_6611c359e5-18x9.webp 18w, https:\/\/www.bkmotorsport.com.br\/wp-content\/uploads\/2025\/02\/75100_6611c359e5.webp 1344w\" sizes=\"(max-width: 1024px) 100vw, 1024px\" \/>\t\t\t\t\t\t\t\t\t\t\t\t\t\t\t<\/div>\n\t\t\t\t<\/div>\n\t\t\t\t<\/div>\n\t\t<div class=\"elementor-element elementor-element-83e659d e-con-full e-flex e-con e-child\" data-id=\"83e659d\" data-element_type=\"container\" data-e-type=\"container\">\n\t\t\t\t<div class=\"elementor-element elementor-element-cf31c6d elementor-widget elementor-widget-text-editor\" data-id=\"cf31c6d\" data-element_type=\"widget\" data-e-type=\"widget\" data-widget_type=\"text-editor.default\">\n\t\t\t\t<div class=\"elementor-widget-container\">\n\t\t\t\t\t\t\t\t\t<div class=\"flex max-w-full flex-col flex-grow\"><div class=\"min-h-8 text-message flex w-full flex-col items-end gap-2 whitespace-normal break-words text-start [.text-message+&amp;]:mt-5\" dir=\"auto\" data-message-author-role=\"assistant\" data-message-id=\"169fa889-7aa5-4645-860e-73d3f07a4b7e\" data-message-model-slug=\"gpt-4o\"><div class=\"flex w-full flex-col gap-1 empty:hidden first:pt-[3px]\"><div class=\"markdown prose w-full break-words dark:prose-invert light\"><p data-start=\"0\" data-end=\"657\" data-is-last-node=\"\">THE <strong data-start=\"2\" data-end=\"33\">Paddle Shift Kit \u2013 Obsolete<\/strong> MoTeC\u2019s Electronic Shift Kit was an innovative solution for sequential gear changes in high-performance vehicles. Designed for integration with MoTeC systems, it offered fast and precise gear changes via steering wheel-mounted paddle shifters. Its robust design and immediate response ensured an enhanced driving experience, ideal for competition and high-performance applications. Although it has been discontinued, the kit remains a benchmark in electronic gear shifting technology, having been replaced by more advanced solutions from MoTeC. View the current options to find the best alternative for your vehicle.<\/p><\/div><\/div><\/div><\/div>\t\t\t\t\t\t\t\t<\/div>\n\t\t\t\t<\/div>\n\t\t\t\t<\/div>\n\t\t\t\t\t<\/div>\n\t\t\t\t<\/div>\n\t\t<div class=\"elementor-element elementor-element-99d09dd e-flex e-con-boxed e-con e-parent\" data-id=\"99d09dd\" data-element_type=\"container\" data-e-type=\"container\">\n\t\t\t\t\t<div class=\"e-con-inner\">\n\t\t\t\t<div class=\"elementor-element elementor-element-7287bc9 elementor-widget elementor-widget-heading\" data-id=\"7287bc9\" data-element_type=\"widget\" data-e-type=\"widget\" data-widget_type=\"heading.default\">\n\t\t\t\t<div class=\"elementor-widget-container\">\n\t\t\t\t\t<h3 class=\"elementor-heading-title elementor-size-default\">Downloads<\/h3>\t\t\t\t<\/div>\n\t\t\t\t<\/div>\n\t\t\t\t<div class=\"elementor-element elementor-element-7e9e860 elementor-icon-list--layout-traditional elementor-list-item-link-full_width elementor-widget elementor-widget-icon-list\" data-id=\"7e9e860\" data-element_type=\"widget\" data-e-type=\"widget\" data-widget_type=\"icon-list.default\">\n\t\t\t\t<div class=\"elementor-widget-container\">\n\t\t\t\t\t\t\t<ul class=\"elementor-icon-list-items\">\n\t\t\t\t\t\t\t<li class=\"elementor-icon-list-item\">\n\t\t\t\t\t\t\t\t\t\t\t<a href=\"https:\/\/www.motec.com.au\/hessian\/uploads\/CDS_75100_GBC_Paddleshift_Kit_Datasheet_8c1f213b26.pdf\" target=\"_blank\">\n\n\t\t\t\t\t\t\t\t\t\t\t\t<span class=\"elementor-icon-list-icon\">\n\t\t\t\t\t\t\t<svg aria-hidden=\"true\" class=\"e-font-icon-svg e-fas-file-pdf\" viewbox=\"0 0 384 512\" xmlns=\"http:\/\/www.w3.org\/2000\/svg\"><path d=\"M181.9 256.1c-5-16-4.9-46.9-2-46.9 8.4 0 7.6 36.9 2 46.9zm-1.7 47.2c-7.7 20.2-17.3 43.3-28.4 62.7 18.3-7 39-17.2 62.9-21.9-12.7-9.6-24.9-23.4-34.5-40.8zM86.1 428.1c0 .8 13.2-5.4 34.9-40.2-6.7 6.3-29.1 24.5-34.9 40.2zM248 160h136v328c0 13.3-10.7 24-24 24H24c-13.3 0-24-10.7-24-24V24C0 10.7 10.7 0 24 0h200v136c0 13.2 10.8 24 24 24zm-8 171.8c-20-12.2-33.3-29-42.7-53.8 4.5-18.5 11.6-46.6 6.2-64.2-4.7-29.4-42.4-26.5-47.8-6.8-5 18.3-.4 44.1 8.1 77-11.6 27.6-28.7 64.6-40.8 85.8-.1 0-.1.1-.2.1-27.1 13.9-73.6 44.5-54.5 68 5.6 6.9 16 10 21.5 10 17.9 0 35.7-18 61.1-61.8 25.8-8.5 54.1-19.1 79-23.2 21.7 11.8 47.1 19.5 64 19.5 29.2 0 31.2-32 19.7-43.4-13.9-13.6-54.3-9.7-73.6-7.2zM377 105L279 7c-4.5-4.5-10.6-7-17-7h-6v128h128v-6.1c0-6.3-2.5-12.4-7-16.9zm-74.1 255.3c4.1-2.7-2.5-11.9-42.8-9 37.1 15.8 42.8 9 42.8 9z\"><\/path><\/svg>\t\t\t\t\t\t<\/span>\n\t\t\t\t\t\t\t\t\t\t<span class=\"elementor-icon-list-text\">Download the GBC Paddleshift Kit - Technical Data Sheet<\/span>\n\t\t\t\t\t\t\t\t\t\t\t<\/a>\n\t\t\t\t\t\t\t\t\t<\/li>\n\t\t\t\t\t\t<\/ul>\n\t\t\t\t\t\t<\/div>\n\t\t\t\t<\/div>\n\t\t\t\t<div class=\"elementor-element elementor-element-225dfbf elementor-widget elementor-widget-spacer\" data-id=\"225dfbf\" data-element_type=\"widget\" data-e-type=\"widget\" data-widget_type=\"spacer.default\">\n\t\t\t\t<div class=\"elementor-widget-container\">\n\t\t\t\t\t\t\t<div class=\"elementor-spacer\">\n\t\t\t<div class=\"elementor-spacer-inner\"><\/div>\n\t\t<\/div>\n\t\t\t\t\t\t<\/div>\n\t\t\t\t<\/div>\n\t\t\t\t\t<\/div>\n\t\t\t\t<\/div>\n\t\t\t\t<\/div>","protected":false},"excerpt":{"rendered":"<p>Paddle Shift Kit \u2013 Obsoleto O Paddle Shift Kit \u2013 Obsoleto da MoTeC foi uma solu\u00e7\u00e3o inovadora para trocas de marcha sequenciais em ve\u00edculos de alto desempenho. Projetado para integra\u00e7\u00e3o com sistemas MoTeC, oferecia mudan\u00e7as r\u00e1pidas e precisas por meio de paddle shifters montados no volante. Seu design robusto e resposta imediata garantiam uma experi\u00eancia [&hellip;]<\/p>","protected":false},"author":1,"featured_media":0,"parent":542,"menu_order":0,"comment_status":"closed","ping_status":"closed","template":"","meta":{"site-sidebar-layout":"no-sidebar","site-content-layout":"page-builder","ast-site-content-layout":"full-width-container","site-content-style":"unboxed","site-sidebar-style":"unboxed","ast-global-header-display":"","ast-banner-title-visibility":"","ast-main-header-display":"","ast-hfb-above-header-display":"","ast-hfb-below-header-display":"","ast-hfb-mobile-header-display":"","site-post-title":"disabled","ast-breadcrumbs-content":"","ast-featured-img":"disabled","footer-sml-layout":"","ast-disable-related-posts":"","theme-transparent-header-meta":"enabled","adv-header-id-meta":"","stick-header-meta":"","header-above-stick-meta":"","header-main-stick-meta":"","header-below-stick-meta":"","astra-migrate-meta-layouts":"set","ast-page-background-enabled":"default","ast-page-background-meta":{"desktop":{"background-color":"","background-image":"","background-repeat":"repeat","background-position":"center center","background-size":"auto","background-attachment":"scroll","background-type":"","background-media":"","overlay-type":"","overlay-color":"","overlay-opacity":"","overlay-gradient":""},"tablet":{"background-color":"","background-image":"","background-repeat":"repeat","background-position":"center center","background-size":"auto","background-attachment":"scroll","background-type":"","background-media":"","overlay-type":"","overlay-color":"","overlay-opacity":"","overlay-gradient":""},"mobile":{"background-color":"","background-image":"","background-repeat":"repeat","background-position":"center center","background-size":"auto","background-attachment":"scroll","background-type":"","background-media":"","overlay-type":"","overlay-color":"","overlay-opacity":"","overlay-gradient":""}},"ast-content-background-meta":{"desktop":{"background-color":"var(--ast-global-color-5)","background-image":"","background-repeat":"repeat","background-position":"center center","background-size":"auto","background-attachment":"scroll","background-type":"","background-media":"","overlay-type":"","overlay-color":"","overlay-opacity":"","overlay-gradient":""},"tablet":{"background-color":"var(--ast-global-color-5)","background-image":"","background-repeat":"repeat","background-position":"center center","background-size":"auto","background-attachment":"scroll","background-type":"","background-media":"","overlay-type":"","overlay-color":"","overlay-opacity":"","overlay-gradient":""},"mobile":{"background-color":"var(--ast-global-color-5)","background-image":"","background-repeat":"repeat","background-position":"center center","background-size":"auto","background-attachment":"scroll","background-type":"","background-media":"","overlay-type":"","overlay-color":"","overlay-opacity":"","overlay-gradient":""}},"_joinchat":[],"footnotes":""},"class_list":["post-1727","page","type-page","status-publish","hentry"],"aioseo_notices":[],"_links":{"self":[{"href":"https:\/\/www.bkmotorsport.com.br\/en\/wp-json\/wp\/v2\/pages\/1727","targetHints":{"allow":["GET"]}}],"collection":[{"href":"https:\/\/www.bkmotorsport.com.br\/en\/wp-json\/wp\/v2\/pages"}],"about":[{"href":"https:\/\/www.bkmotorsport.com.br\/en\/wp-json\/wp\/v2\/types\/page"}],"author":[{"embeddable":true,"href":"https:\/\/www.bkmotorsport.com.br\/en\/wp-json\/wp\/v2\/users\/1"}],"replies":[{"embeddable":true,"href":"https:\/\/www.bkmotorsport.com.br\/en\/wp-json\/wp\/v2\/comments?post=1727"}],"version-history":[{"count":4,"href":"https:\/\/www.bkmotorsport.com.br\/en\/wp-json\/wp\/v2\/pages\/1727\/revisions"}],"predecessor-version":[{"id":1735,"href":"https:\/\/www.bkmotorsport.com.br\/en\/wp-json\/wp\/v2\/pages\/1727\/revisions\/1735"}],"up":[{"embeddable":true,"href":"https:\/\/www.bkmotorsport.com.br\/en\/wp-json\/wp\/v2\/pages\/542"}],"wp:attachment":[{"href":"https:\/\/www.bkmotorsport.com.br\/en\/wp-json\/wp\/v2\/media?parent=1727"}],"curies":[{"name":"wp","href":"https:\/\/api.w.org\/{rel}","templated":true}]}}